{"id":1528,"date":"2024-06-12T10:05:57","date_gmt":"2024-06-12T08:05:57","guid":{"rendered":"https:\/\/www.acc.wordpress.isec.tdrn.dev\/rom-shaked"},"modified":"2024-06-20T16:50:22","modified_gmt":"2024-06-20T14:50:22","slug":"rom-shaked","status":"publish","type":"page","link":"https:\/\/www.acc.wordpress.isec.tdrn.dev\/sv\/rom-shaked","title":{"rendered":"Rom Shaked"},"content":{"rendered":"<h5><b>Koncernchef och verkst\u00e4llande direkt\u00f6r<\/b><\/h5>\n<p><span style=\"font-weight: 400;\">Fr\u00e5n och med den 1 januari 2022 innehar Rom VD-posten f\u00f6r I-SEC International Security B.V.<\/span><\/p>\n<p><span style=\"font-weight: 400;\">Rom \u00e4r CPA (Israel) och advokat (Israel). Han b\u00f6rjade p\u00e5 I-SEC International Securitys holdingbolag, ICTS International N.V., 2015 som internrevisor. I april 2019 uts\u00e5gs han till vice VD f\u00f6r I-SEC International Security B.V., med ansvar f\u00f6r bolagets kvalitetss\u00e4kring och HR samt f\u00f6r att ge st\u00f6d i projektledning inom olika omr\u00e5den. Fr\u00e5n och med februari 2020 blev Rom delad verkst\u00e4llande direkt\u00f6r f\u00f6r I-SEC International Security B.V.<\/span><\/p>\n<p><span style=\"font-weight: 400;\">Innan Rom kom till I-SEC arbetade<\/span>han som finansiell revisor vid den israeliska v\u00e4rdepappersmyndigheten (ISA).<\/p>\n<p>&nbsp;<\/p>\n<p><img loading=\"lazy\" decoding=\"async\" class=\"alignnone size-medium wp-image-104\" src=\"https:\/\/www.acc.wordpress.isec.tdrn.dev\/app\/uploads\/2024\/05\/b6f3827f213a29e01d82f78189539ddb-300x200.jpeg\" alt=\"\" width=\"300\" height=\"200\" srcset=\"https:\/\/www.acc.wordpress.isec.tdrn.dev\/app\/uploads\/2024\/05\/b6f3827f213a29e01d82f78189539ddb-300x200.jpeg 300w, https:\/\/www.acc.wordpress.isec.tdrn.dev\/app\/uploads\/2024\/05\/b6f3827f213a29e01d82f78189539ddb-1024x683.jpeg 1024w, https:\/\/www.acc.wordpress.isec.tdrn.dev\/app\/uploads\/2024\/05\/b6f3827f213a29e01d82f78189539ddb-768x512.jpeg 768w, https:\/\/www.acc.wordpress.isec.tdrn.dev\/app\/uploads\/2024\/05\/b6f3827f213a29e01d82f78189539ddb-1536x1024.jpeg 1536w, https:\/\/www.acc.wordpress.isec.tdrn.dev\/app\/uploads\/2024\/05\/b6f3827f213a29e01d82f78189539ddb.jpeg 2048w\" sizes=\"auto, (max-width: 300px) 100vw, 300px\" \/><\/p>\n","protected":false},"excerpt":{"rendered":"<p>Koncernchef och verkst\u00e4llande direkt\u00f6r Fr\u00e5n och med den 1 januari 2022 innehar Rom VD-posten f\u00f6r I-SEC International Security B.V. Rom \u00e4r CPA (Israel) och advokat (Israel). Han b\u00f6rjade p\u00e5 I-SEC International Securitys holdingbolag, ICTS International N.V., 2015 som internrevisor. I april 2019 uts\u00e5gs han till vice VD f\u00f6r I-SEC International Security B.V., med ansvar f\u00f6r [&hellip;]<\/p>\n","protected":false},"author":1,"featured_media":0,"parent":0,"menu_order":0,"comment_status":"closed","ping_status":"closed","template":"templates\/tpl-blocks.php","meta":{"_acf_changed":false,"footnotes":""},"class_list":["post-1528","page","type-page","status-publish","hentry"],"acf":[],"yoast_head":"<!-- This site is optimized with the Yoast SEO plugin v26.9 - https:\/\/yoast.com\/product\/yoast-seo-wordpress\/ -->\n<title>Rom Shaked - I-SEC<\/title>\n<meta name=\"robots\" content=\"index, follow, max-snippet:-1, max-image-preview:large, max-video-preview:-1\" \/>\n<link rel=\"canonical\" href=\"https:\/\/www.acc.wordpress.isec.tdrn.dev\/sv\/rom-shaked\" \/>\n<meta property=\"og:locale\" content=\"sv_SE\" \/>\n<meta property=\"og:type\" content=\"article\" \/>\n<meta property=\"og:title\" content=\"Rom Shaked - I-SEC\" \/>\n<meta property=\"og:description\" content=\"Koncernchef och verkst\u00e4llande direkt\u00f6r Fr\u00e5n och med den 1 januari 2022 innehar Rom VD-posten f\u00f6r I-SEC International Security B.V. Rom \u00e4r CPA (Israel) och advokat (Israel). Han b\u00f6rjade p\u00e5 I-SEC International Securitys holdingbolag, ICTS International N.V., 2015 som internrevisor. I april 2019 uts\u00e5gs han till vice VD f\u00f6r I-SEC International Security B.V., med ansvar f\u00f6r [&hellip;]\" \/>\n<meta property=\"og:url\" content=\"https:\/\/www.acc.wordpress.isec.tdrn.dev\/sv\/rom-shaked\" \/>\n<meta property=\"og:site_name\" content=\"I-SEC\" \/>\n<meta property=\"article:modified_time\" content=\"2024-06-20T14:50:22+00:00\" \/>\n<meta property=\"og:image\" content=\"https:\/\/www.acc.wordpress.isec.tdrn.dev\/app\/uploads\/2024\/05\/b6f3827f213a29e01d82f78189539ddb-300x200.jpeg\" \/>\n<meta name=\"twitter:card\" content=\"summary_large_image\" \/>\n<meta name=\"twitter:label1\" content=\"Ber\u00e4knad l\u00e4stid\" \/>\n\t<meta name=\"twitter:data1\" content=\"2 minuter\" \/>\n<script type=\"application\/ld+json\" class=\"yoast-schema-graph\">{\"@context\":\"https:\/\/schema.org\",\"@graph\":[{\"@type\":\"WebPage\",\"@id\":\"https:\/\/www.acc.wordpress.isec.tdrn.dev\/sv\/rom-shaked\",\"url\":\"https:\/\/www.acc.wordpress.isec.tdrn.dev\/sv\/rom-shaked\",\"name\":\"Rom Shaked - I-SEC\",\"isPartOf\":{\"@id\":\"https:\/\/www.acc.wordpress.isec.tdrn.dev\/sv#website\"},\"primaryImageOfPage\":{\"@id\":\"https:\/\/www.acc.wordpress.isec.tdrn.dev\/sv\/rom-shaked#primaryimage\"},\"image\":{\"@id\":\"https:\/\/www.acc.wordpress.isec.tdrn.dev\/sv\/rom-shaked#primaryimage\"},\"thumbnailUrl\":\"https:\/\/www.acc.wordpress.isec.tdrn.dev\/app\/uploads\/2024\/05\/b6f3827f213a29e01d82f78189539ddb-300x200.jpeg\",\"datePublished\":\"2024-06-12T08:05:57+00:00\",\"dateModified\":\"2024-06-20T14:50:22+00:00\",\"breadcrumb\":{\"@id\":\"https:\/\/www.acc.wordpress.isec.tdrn.dev\/sv\/rom-shaked#breadcrumb\"},\"inLanguage\":\"sv-SE\",\"potentialAction\":[{\"@type\":\"ReadAction\",\"target\":[\"https:\/\/www.acc.wordpress.isec.tdrn.dev\/sv\/rom-shaked\"]}]},{\"@type\":\"ImageObject\",\"inLanguage\":\"sv-SE\",\"@id\":\"https:\/\/www.acc.wordpress.isec.tdrn.dev\/sv\/rom-shaked#primaryimage\",\"url\":\"https:\/\/www.acc.wordpress.isec.tdrn.dev\/app\/uploads\/2024\/05\/b6f3827f213a29e01d82f78189539ddb-300x200.jpeg\",\"contentUrl\":\"https:\/\/www.acc.wordpress.isec.tdrn.dev\/app\/uploads\/2024\/05\/b6f3827f213a29e01d82f78189539ddb-300x200.jpeg\"},{\"@type\":\"BreadcrumbList\",\"@id\":\"https:\/\/www.acc.wordpress.isec.tdrn.dev\/sv\/rom-shaked#breadcrumb\",\"itemListElement\":[{\"@type\":\"ListItem\",\"position\":1,\"name\":\"Home\",\"item\":\"https:\/\/www.acc.wordpress.isec.tdrn.dev\/sv\"},{\"@type\":\"ListItem\",\"position\":2,\"name\":\"Rom Shaked\"}]},{\"@type\":\"WebSite\",\"@id\":\"https:\/\/www.acc.wordpress.isec.tdrn.dev\/sv#website\",\"url\":\"https:\/\/www.acc.wordpress.isec.tdrn.dev\/sv\",\"name\":\"I-SEC\",\"description\":\"\",\"potentialAction\":[{\"@type\":\"SearchAction\",\"target\":{\"@type\":\"EntryPoint\",\"urlTemplate\":\"https:\/\/www.acc.wordpress.isec.tdrn.dev\/sv?s={search_term_string}\"},\"query-input\":{\"@type\":\"PropertyValueSpecification\",\"valueRequired\":true,\"valueName\":\"search_term_string\"}}],\"inLanguage\":\"sv-SE\"}]}<\/script>\n<!-- \/ Yoast SEO plugin. -->","yoast_head_json":{"title":"Rom Shaked - I-SEC","robots":{"index":"index","follow":"follow","max-snippet":"max-snippet:-1","max-image-preview":"max-image-preview:large","max-video-preview":"max-video-preview:-1"},"canonical":"https:\/\/www.acc.wordpress.isec.tdrn.dev\/sv\/rom-shaked","og_locale":"sv_SE","og_type":"article","og_title":"Rom Shaked - I-SEC","og_description":"Koncernchef och verkst\u00e4llande direkt\u00f6r Fr\u00e5n och med den 1 januari 2022 innehar Rom VD-posten f\u00f6r I-SEC International Security B.V. Rom \u00e4r CPA (Israel) och advokat (Israel). Han b\u00f6rjade p\u00e5 I-SEC International Securitys holdingbolag, ICTS International N.V., 2015 som internrevisor. I april 2019 uts\u00e5gs han till vice VD f\u00f6r I-SEC International Security B.V., med ansvar f\u00f6r [&hellip;]","og_url":"https:\/\/www.acc.wordpress.isec.tdrn.dev\/sv\/rom-shaked","og_site_name":"I-SEC","article_modified_time":"2024-06-20T14:50:22+00:00","og_image":[{"url":"https:\/\/www.acc.wordpress.isec.tdrn.dev\/app\/uploads\/2024\/05\/b6f3827f213a29e01d82f78189539ddb-300x200.jpeg","type":"","width":"","height":""}],"twitter_card":"summary_large_image","twitter_misc":{"Ber\u00e4knad l\u00e4stid":"2 minuter"},"schema":{"@context":"https:\/\/schema.org","@graph":[{"@type":"WebPage","@id":"https:\/\/www.acc.wordpress.isec.tdrn.dev\/sv\/rom-shaked","url":"https:\/\/www.acc.wordpress.isec.tdrn.dev\/sv\/rom-shaked","name":"Rom Shaked - I-SEC","isPartOf":{"@id":"https:\/\/www.acc.wordpress.isec.tdrn.dev\/sv#website"},"primaryImageOfPage":{"@id":"https:\/\/www.acc.wordpress.isec.tdrn.dev\/sv\/rom-shaked#primaryimage"},"image":{"@id":"https:\/\/www.acc.wordpress.isec.tdrn.dev\/sv\/rom-shaked#primaryimage"},"thumbnailUrl":"https:\/\/www.acc.wordpress.isec.tdrn.dev\/app\/uploads\/2024\/05\/b6f3827f213a29e01d82f78189539ddb-300x200.jpeg","datePublished":"2024-06-12T08:05:57+00:00","dateModified":"2024-06-20T14:50:22+00:00","breadcrumb":{"@id":"https:\/\/www.acc.wordpress.isec.tdrn.dev\/sv\/rom-shaked#breadcrumb"},"inLanguage":"sv-SE","potentialAction":[{"@type":"ReadAction","target":["https:\/\/www.acc.wordpress.isec.tdrn.dev\/sv\/rom-shaked"]}]},{"@type":"ImageObject","inLanguage":"sv-SE","@id":"https:\/\/www.acc.wordpress.isec.tdrn.dev\/sv\/rom-shaked#primaryimage","url":"https:\/\/www.acc.wordpress.isec.tdrn.dev\/app\/uploads\/2024\/05\/b6f3827f213a29e01d82f78189539ddb-300x200.jpeg","contentUrl":"https:\/\/www.acc.wordpress.isec.tdrn.dev\/app\/uploads\/2024\/05\/b6f3827f213a29e01d82f78189539ddb-300x200.jpeg"},{"@type":"BreadcrumbList","@id":"https:\/\/www.acc.wordpress.isec.tdrn.dev\/sv\/rom-shaked#breadcrumb","itemListElement":[{"@type":"ListItem","position":1,"name":"Home","item":"https:\/\/www.acc.wordpress.isec.tdrn.dev\/sv"},{"@type":"ListItem","position":2,"name":"Rom Shaked"}]},{"@type":"WebSite","@id":"https:\/\/www.acc.wordpress.isec.tdrn.dev\/sv#website","url":"https:\/\/www.acc.wordpress.isec.tdrn.dev\/sv","name":"I-SEC","description":"","potentialAction":[{"@type":"SearchAction","target":{"@type":"EntryPoint","urlTemplate":"https:\/\/www.acc.wordpress.isec.tdrn.dev\/sv?s={search_term_string}"},"query-input":{"@type":"PropertyValueSpecification","valueRequired":true,"valueName":"search_term_string"}}],"inLanguage":"sv-SE"}]}},"_links":{"self":[{"href":"https:\/\/www.acc.wordpress.isec.tdrn.dev\/sv\/wp-json\/wp\/v2\/pages\/1528","targetHints":{"allow":["GET"]}}],"collection":[{"href":"https:\/\/www.acc.wordpress.isec.tdrn.dev\/sv\/wp-json\/wp\/v2\/pages"}],"about":[{"href":"https:\/\/www.acc.wordpress.isec.tdrn.dev\/sv\/wp-json\/wp\/v2\/types\/page"}],"author":[{"embeddable":true,"href":"https:\/\/www.acc.wordpress.isec.tdrn.dev\/sv\/wp-json\/wp\/v2\/users\/1"}],"replies":[{"embeddable":true,"href":"https:\/\/www.acc.wordpress.isec.tdrn.dev\/sv\/wp-json\/wp\/v2\/comments?post=1528"}],"version-history":[{"count":1,"href":"https:\/\/www.acc.wordpress.isec.tdrn.dev\/sv\/wp-json\/wp\/v2\/pages\/1528\/revisions"}],"predecessor-version":[{"id":1541,"href":"https:\/\/www.acc.wordpress.isec.tdrn.dev\/sv\/wp-json\/wp\/v2\/pages\/1528\/revisions\/1541"}],"wp:attachment":[{"href":"https:\/\/www.acc.wordpress.isec.tdrn.dev\/sv\/wp-json\/wp\/v2\/media?parent=1528"}],"curies":[{"name":"wp","href":"https:\/\/api.w.org\/{rel}","templated":true}]}}