{"id":1532,"date":"2024-06-12T10:05:57","date_gmt":"2024-06-12T08:05:57","guid":{"rendered":"https:\/\/www.acc.wordpress.isec.tdrn.dev\/rom-shaked"},"modified":"2024-06-26T17:28:34","modified_gmt":"2024-06-26T15:28:34","slug":"rom-shaked","status":"publish","type":"page","link":"https:\/\/www.acc.wordpress.isec.tdrn.dev\/no\/rom-shaked","title":{"rendered":"Rom Shaked"},"content":{"rendered":"<h5><b>Konsernsjef og administrerende direkt\u00f8r<\/b><\/h5>\n<p><span style=\"font-weight: 400;\">Fra 1. januar 2022 innehar Rom stillingen som administrerende direkt\u00f8r i I-SEC International Security B.V.<\/span><\/p>\n<p><span style=\"font-weight: 400;\">Rom er CPA (Israel) og advokat (Israel). Han begynte i I-SEC International Securitys holdingselskap, ICTS International N.V., i 2015 som internrevisor. I april 2019 ble han utnevnt til viseadministrerende direkt\u00f8r i I-SEC International Security B.V., med ansvar for selskapets kvalitetssikring og HR samt st\u00f8tte til prosjektledelse p\u00e5 ulike omr\u00e5der. Fra og med februar 2020 ble Rom medadministrerende direkt\u00f8r i I-SEC International Security B.V.<\/span><\/p>\n<p><span style=\"font-weight: 400;\">F\u00f8r han begynte i I-SEC, jobbet Rom<\/span>som finansrevisor ved det israelske verdipapirtilsynet (ISA).<\/p>\n<p>&nbsp;<\/p>\n<p><img loading=\"lazy\" decoding=\"async\" class=\"alignnone size-medium wp-image-104\" src=\"https:\/\/www.acc.wordpress.isec.tdrn.dev\/app\/uploads\/2024\/05\/b6f3827f213a29e01d82f78189539ddb-300x200.jpeg\" alt=\"\" width=\"300\" height=\"200\" srcset=\"https:\/\/www.acc.wordpress.isec.tdrn.dev\/app\/uploads\/2024\/05\/b6f3827f213a29e01d82f78189539ddb-300x200.jpeg 300w, https:\/\/www.acc.wordpress.isec.tdrn.dev\/app\/uploads\/2024\/05\/b6f3827f213a29e01d82f78189539ddb-1024x683.jpeg 1024w, https:\/\/www.acc.wordpress.isec.tdrn.dev\/app\/uploads\/2024\/05\/b6f3827f213a29e01d82f78189539ddb-768x512.jpeg 768w, https:\/\/www.acc.wordpress.isec.tdrn.dev\/app\/uploads\/2024\/05\/b6f3827f213a29e01d82f78189539ddb-1536x1024.jpeg 1536w, https:\/\/www.acc.wordpress.isec.tdrn.dev\/app\/uploads\/2024\/05\/b6f3827f213a29e01d82f78189539ddb.jpeg 2048w\" sizes=\"auto, (max-width: 300px) 100vw, 300px\" \/><\/p>\n","protected":false},"excerpt":{"rendered":"<p>Konsernsjef og administrerende direkt\u00f8r Fra 1. januar 2022 innehar Rom stillingen som administrerende direkt\u00f8r i I-SEC International Security B.V. Rom er CPA (Israel) og advokat (Israel). Han begynte i I-SEC International Securitys holdingselskap, ICTS International N.V., i 2015 som internrevisor. I april 2019 ble han utnevnt til viseadministrerende direkt\u00f8r i I-SEC International Security B.V., med [&hellip;]<\/p>\n","protected":false},"author":1,"featured_media":0,"parent":0,"menu_order":0,"comment_status":"closed","ping_status":"closed","template":"templates\/tpl-blocks.php","meta":{"_acf_changed":false,"footnotes":""},"class_list":["post-1532","page","type-page","status-publish","hentry"],"acf":[],"yoast_head":"<!-- This site is optimized with the Yoast SEO plugin v26.9 - https:\/\/yoast.com\/product\/yoast-seo-wordpress\/ -->\n<title>Rom Shaked - I-SEC<\/title>\n<meta name=\"robots\" content=\"index, follow, max-snippet:-1, max-image-preview:large, max-video-preview:-1\" \/>\n<link rel=\"canonical\" href=\"https:\/\/www.acc.wordpress.isec.tdrn.dev\/no\/rom-shaked\" \/>\n<meta property=\"og:locale\" content=\"nb_NO\" \/>\n<meta property=\"og:type\" content=\"article\" \/>\n<meta property=\"og:title\" content=\"Rom Shaked - I-SEC\" \/>\n<meta property=\"og:description\" content=\"Konsernsjef og administrerende direkt\u00f8r Fra 1. januar 2022 innehar Rom stillingen som administrerende direkt\u00f8r i I-SEC International Security B.V. Rom er CPA (Israel) og advokat (Israel). Han begynte i I-SEC International Securitys holdingselskap, ICTS International N.V., i 2015 som internrevisor. I april 2019 ble han utnevnt til viseadministrerende direkt\u00f8r i I-SEC International Security B.V., med [&hellip;]\" \/>\n<meta property=\"og:url\" content=\"https:\/\/www.acc.wordpress.isec.tdrn.dev\/no\/rom-shaked\" \/>\n<meta property=\"og:site_name\" content=\"I-SEC\" \/>\n<meta property=\"article:modified_time\" content=\"2024-06-26T15:28:34+00:00\" \/>\n<meta property=\"og:image\" content=\"https:\/\/www.acc.wordpress.isec.tdrn.dev\/app\/uploads\/2024\/05\/b6f3827f213a29e01d82f78189539ddb-300x200.jpeg\" \/>\n<meta name=\"twitter:card\" content=\"summary_large_image\" \/>\n<meta name=\"twitter:label1\" content=\"Ansl. lesetid\" \/>\n\t<meta name=\"twitter:data1\" content=\"2 minutter\" \/>\n<script type=\"application\/ld+json\" class=\"yoast-schema-graph\">{\"@context\":\"https:\/\/schema.org\",\"@graph\":[{\"@type\":\"WebPage\",\"@id\":\"https:\/\/www.acc.wordpress.isec.tdrn.dev\/no\/rom-shaked\",\"url\":\"https:\/\/www.acc.wordpress.isec.tdrn.dev\/no\/rom-shaked\",\"name\":\"Rom Shaked - I-SEC\",\"isPartOf\":{\"@id\":\"https:\/\/www.acc.wordpress.isec.tdrn.dev\/no#website\"},\"primaryImageOfPage\":{\"@id\":\"https:\/\/www.acc.wordpress.isec.tdrn.dev\/no\/rom-shaked#primaryimage\"},\"image\":{\"@id\":\"https:\/\/www.acc.wordpress.isec.tdrn.dev\/no\/rom-shaked#primaryimage\"},\"thumbnailUrl\":\"https:\/\/www.acc.wordpress.isec.tdrn.dev\/app\/uploads\/2024\/05\/b6f3827f213a29e01d82f78189539ddb-300x200.jpeg\",\"datePublished\":\"2024-06-12T08:05:57+00:00\",\"dateModified\":\"2024-06-26T15:28:34+00:00\",\"breadcrumb\":{\"@id\":\"https:\/\/www.acc.wordpress.isec.tdrn.dev\/no\/rom-shaked#breadcrumb\"},\"inLanguage\":\"nb-NO\",\"potentialAction\":[{\"@type\":\"ReadAction\",\"target\":[\"https:\/\/www.acc.wordpress.isec.tdrn.dev\/no\/rom-shaked\"]}]},{\"@type\":\"ImageObject\",\"inLanguage\":\"nb-NO\",\"@id\":\"https:\/\/www.acc.wordpress.isec.tdrn.dev\/no\/rom-shaked#primaryimage\",\"url\":\"https:\/\/www.acc.wordpress.isec.tdrn.dev\/app\/uploads\/2024\/05\/b6f3827f213a29e01d82f78189539ddb-300x200.jpeg\",\"contentUrl\":\"https:\/\/www.acc.wordpress.isec.tdrn.dev\/app\/uploads\/2024\/05\/b6f3827f213a29e01d82f78189539ddb-300x200.jpeg\"},{\"@type\":\"BreadcrumbList\",\"@id\":\"https:\/\/www.acc.wordpress.isec.tdrn.dev\/no\/rom-shaked#breadcrumb\",\"itemListElement\":[{\"@type\":\"ListItem\",\"position\":1,\"name\":\"Home\",\"item\":\"https:\/\/www.acc.wordpress.isec.tdrn.dev\/no\"},{\"@type\":\"ListItem\",\"position\":2,\"name\":\"Rom Shaked\"}]},{\"@type\":\"WebSite\",\"@id\":\"https:\/\/www.acc.wordpress.isec.tdrn.dev\/no#website\",\"url\":\"https:\/\/www.acc.wordpress.isec.tdrn.dev\/no\",\"name\":\"I-SEC\",\"description\":\"\",\"potentialAction\":[{\"@type\":\"SearchAction\",\"target\":{\"@type\":\"EntryPoint\",\"urlTemplate\":\"https:\/\/www.acc.wordpress.isec.tdrn.dev\/no?s={search_term_string}\"},\"query-input\":{\"@type\":\"PropertyValueSpecification\",\"valueRequired\":true,\"valueName\":\"search_term_string\"}}],\"inLanguage\":\"nb-NO\"}]}<\/script>\n<!-- \/ Yoast SEO plugin. -->","yoast_head_json":{"title":"Rom Shaked - I-SEC","robots":{"index":"index","follow":"follow","max-snippet":"max-snippet:-1","max-image-preview":"max-image-preview:large","max-video-preview":"max-video-preview:-1"},"canonical":"https:\/\/www.acc.wordpress.isec.tdrn.dev\/no\/rom-shaked","og_locale":"nb_NO","og_type":"article","og_title":"Rom Shaked - I-SEC","og_description":"Konsernsjef og administrerende direkt\u00f8r Fra 1. januar 2022 innehar Rom stillingen som administrerende direkt\u00f8r i I-SEC International Security B.V. Rom er CPA (Israel) og advokat (Israel). Han begynte i I-SEC International Securitys holdingselskap, ICTS International N.V., i 2015 som internrevisor. I april 2019 ble han utnevnt til viseadministrerende direkt\u00f8r i I-SEC International Security B.V., med [&hellip;]","og_url":"https:\/\/www.acc.wordpress.isec.tdrn.dev\/no\/rom-shaked","og_site_name":"I-SEC","article_modified_time":"2024-06-26T15:28:34+00:00","og_image":[{"url":"https:\/\/www.acc.wordpress.isec.tdrn.dev\/app\/uploads\/2024\/05\/b6f3827f213a29e01d82f78189539ddb-300x200.jpeg","type":"","width":"","height":""}],"twitter_card":"summary_large_image","twitter_misc":{"Ansl. lesetid":"2 minutter"},"schema":{"@context":"https:\/\/schema.org","@graph":[{"@type":"WebPage","@id":"https:\/\/www.acc.wordpress.isec.tdrn.dev\/no\/rom-shaked","url":"https:\/\/www.acc.wordpress.isec.tdrn.dev\/no\/rom-shaked","name":"Rom Shaked - I-SEC","isPartOf":{"@id":"https:\/\/www.acc.wordpress.isec.tdrn.dev\/no#website"},"primaryImageOfPage":{"@id":"https:\/\/www.acc.wordpress.isec.tdrn.dev\/no\/rom-shaked#primaryimage"},"image":{"@id":"https:\/\/www.acc.wordpress.isec.tdrn.dev\/no\/rom-shaked#primaryimage"},"thumbnailUrl":"https:\/\/www.acc.wordpress.isec.tdrn.dev\/app\/uploads\/2024\/05\/b6f3827f213a29e01d82f78189539ddb-300x200.jpeg","datePublished":"2024-06-12T08:05:57+00:00","dateModified":"2024-06-26T15:28:34+00:00","breadcrumb":{"@id":"https:\/\/www.acc.wordpress.isec.tdrn.dev\/no\/rom-shaked#breadcrumb"},"inLanguage":"nb-NO","potentialAction":[{"@type":"ReadAction","target":["https:\/\/www.acc.wordpress.isec.tdrn.dev\/no\/rom-shaked"]}]},{"@type":"ImageObject","inLanguage":"nb-NO","@id":"https:\/\/www.acc.wordpress.isec.tdrn.dev\/no\/rom-shaked#primaryimage","url":"https:\/\/www.acc.wordpress.isec.tdrn.dev\/app\/uploads\/2024\/05\/b6f3827f213a29e01d82f78189539ddb-300x200.jpeg","contentUrl":"https:\/\/www.acc.wordpress.isec.tdrn.dev\/app\/uploads\/2024\/05\/b6f3827f213a29e01d82f78189539ddb-300x200.jpeg"},{"@type":"BreadcrumbList","@id":"https:\/\/www.acc.wordpress.isec.tdrn.dev\/no\/rom-shaked#breadcrumb","itemListElement":[{"@type":"ListItem","position":1,"name":"Home","item":"https:\/\/www.acc.wordpress.isec.tdrn.dev\/no"},{"@type":"ListItem","position":2,"name":"Rom Shaked"}]},{"@type":"WebSite","@id":"https:\/\/www.acc.wordpress.isec.tdrn.dev\/no#website","url":"https:\/\/www.acc.wordpress.isec.tdrn.dev\/no","name":"I-SEC","description":"","potentialAction":[{"@type":"SearchAction","target":{"@type":"EntryPoint","urlTemplate":"https:\/\/www.acc.wordpress.isec.tdrn.dev\/no?s={search_term_string}"},"query-input":{"@type":"PropertyValueSpecification","valueRequired":true,"valueName":"search_term_string"}}],"inLanguage":"nb-NO"}]}},"_links":{"self":[{"href":"https:\/\/www.acc.wordpress.isec.tdrn.dev\/no\/wp-json\/wp\/v2\/pages\/1532","targetHints":{"allow":["GET"]}}],"collection":[{"href":"https:\/\/www.acc.wordpress.isec.tdrn.dev\/no\/wp-json\/wp\/v2\/pages"}],"about":[{"href":"https:\/\/www.acc.wordpress.isec.tdrn.dev\/no\/wp-json\/wp\/v2\/types\/page"}],"author":[{"embeddable":true,"href":"https:\/\/www.acc.wordpress.isec.tdrn.dev\/no\/wp-json\/wp\/v2\/users\/1"}],"replies":[{"embeddable":true,"href":"https:\/\/www.acc.wordpress.isec.tdrn.dev\/no\/wp-json\/wp\/v2\/comments?post=1532"}],"version-history":[{"count":3,"href":"https:\/\/www.acc.wordpress.isec.tdrn.dev\/no\/wp-json\/wp\/v2\/pages\/1532\/revisions"}],"predecessor-version":[{"id":2561,"href":"https:\/\/www.acc.wordpress.isec.tdrn.dev\/no\/wp-json\/wp\/v2\/pages\/1532\/revisions\/2561"}],"wp:attachment":[{"href":"https:\/\/www.acc.wordpress.isec.tdrn.dev\/no\/wp-json\/wp\/v2\/media?parent=1532"}],"curies":[{"name":"wp","href":"https:\/\/api.w.org\/{rel}","templated":true}]}}