{"id":1529,"date":"2024-06-12T10:05:57","date_gmt":"2024-06-12T08:05:57","guid":{"rendered":"https:\/\/www.acc.wordpress.isec.tdrn.dev\/rom-shaked"},"modified":"2024-06-26T16:55:15","modified_gmt":"2024-06-26T14:55:15","slug":"rom-shaked","status":"publish","type":"page","link":"https:\/\/www.acc.wordpress.isec.tdrn.dev\/fi\/rom-shaked","title":{"rendered":"Rom Shaked"},"content":{"rendered":"<h5><b>Toimitusjohtaja ja toimitusjohtaja<\/b><\/h5>\n<p><span style=\"font-weight: 400;\">Rom on 1. tammikuuta 2022 alkaen I-SEC International Security B.V:n toimitusjohtaja.<\/span><\/p>\n<p><span style=\"font-weight: 400;\">Rom on CPA (Israel) ja asianajaja (Israel). H\u00e4n aloitti I-SEC International Securityn holdingyhti\u00f6n, ICTS International NV:n, palveluksessa sis\u00e4isen\u00e4 tarkastajana vuonna 2015. Huhtikuussa 2019 h\u00e4net nimitettiin I-SEC International Security B.V.:n varatoimitusjohtajaksi, joka vastaa yhti\u00f6n laadunvarmistuksesta ja yrityksen henkil\u00f6st\u00f6hallinnosta sek\u00e4 tukee projektinhallintaa eri aloilla. Helmikuusta 2020 alkaen Romista tuli I-SEC International Security B.V.:n yhteinen toimitusjohtaja.<\/span><\/p>\n<p><span style=\"font-weight: 400;\">Ennen siirtymist\u00e4\u00e4n I-SEC:hen Rom ty\u00f6skenteli<\/span>rahoitustarkastajana Israelin arvopaperiviranomaisessa (ISA).<\/p>\n<p>&nbsp;<\/p>\n<p><img loading=\"lazy\" decoding=\"async\" class=\"alignnone size-medium wp-image-104\" src=\"https:\/\/www.acc.wordpress.isec.tdrn.dev\/app\/uploads\/2024\/05\/b6f3827f213a29e01d82f78189539ddb-300x200.jpeg\" alt=\"\" width=\"300\" height=\"200\" srcset=\"https:\/\/www.acc.wordpress.isec.tdrn.dev\/app\/uploads\/2024\/05\/b6f3827f213a29e01d82f78189539ddb-300x200.jpeg 300w, https:\/\/www.acc.wordpress.isec.tdrn.dev\/app\/uploads\/2024\/05\/b6f3827f213a29e01d82f78189539ddb-1024x683.jpeg 1024w, https:\/\/www.acc.wordpress.isec.tdrn.dev\/app\/uploads\/2024\/05\/b6f3827f213a29e01d82f78189539ddb-768x512.jpeg 768w, https:\/\/www.acc.wordpress.isec.tdrn.dev\/app\/uploads\/2024\/05\/b6f3827f213a29e01d82f78189539ddb-1536x1024.jpeg 1536w, https:\/\/www.acc.wordpress.isec.tdrn.dev\/app\/uploads\/2024\/05\/b6f3827f213a29e01d82f78189539ddb.jpeg 2048w\" sizes=\"auto, (max-width: 300px) 100vw, 300px\" \/><\/p>\n","protected":false},"excerpt":{"rendered":"<p>Toimitusjohtaja ja toimitusjohtaja Rom on 1. tammikuuta 2022 alkaen I-SEC International Security B.V:n toimitusjohtaja. Rom on CPA (Israel) ja asianajaja (Israel). H\u00e4n aloitti I-SEC International Securityn holdingyhti\u00f6n, ICTS International NV:n, palveluksessa sis\u00e4isen\u00e4 tarkastajana vuonna 2015. Huhtikuussa 2019 h\u00e4net nimitettiin I-SEC International Security B.V.:n varatoimitusjohtajaksi, joka vastaa yhti\u00f6n laadunvarmistuksesta ja yrityksen henkil\u00f6st\u00f6hallinnosta sek\u00e4 tukee projektinhallintaa eri [&hellip;]<\/p>\n","protected":false},"author":1,"featured_media":0,"parent":0,"menu_order":0,"comment_status":"closed","ping_status":"closed","template":"templates\/tpl-blocks.php","meta":{"_acf_changed":false,"footnotes":""},"class_list":["post-1529","page","type-page","status-publish","hentry"],"acf":[],"yoast_head":"<!-- This site is optimized with the Yoast SEO plugin v26.9 - https:\/\/yoast.com\/product\/yoast-seo-wordpress\/ -->\n<title>Rom Shaked - I-SEC<\/title>\n<meta name=\"robots\" content=\"index, follow, max-snippet:-1, max-image-preview:large, max-video-preview:-1\" \/>\n<link rel=\"canonical\" href=\"https:\/\/www.acc.wordpress.isec.tdrn.dev\/fi\/rom-shaked\" \/>\n<meta property=\"og:locale\" content=\"fi_FI\" \/>\n<meta property=\"og:type\" content=\"article\" \/>\n<meta property=\"og:title\" content=\"Rom Shaked - I-SEC\" \/>\n<meta property=\"og:description\" content=\"Toimitusjohtaja ja toimitusjohtaja Rom on 1. tammikuuta 2022 alkaen I-SEC International Security B.V:n toimitusjohtaja. Rom on CPA (Israel) ja asianajaja (Israel). H\u00e4n aloitti I-SEC International Securityn holdingyhti\u00f6n, ICTS International NV:n, palveluksessa sis\u00e4isen\u00e4 tarkastajana vuonna 2015. Huhtikuussa 2019 h\u00e4net nimitettiin I-SEC International Security B.V.:n varatoimitusjohtajaksi, joka vastaa yhti\u00f6n laadunvarmistuksesta ja yrityksen henkil\u00f6st\u00f6hallinnosta sek\u00e4 tukee projektinhallintaa eri [&hellip;]\" \/>\n<meta property=\"og:url\" content=\"https:\/\/www.acc.wordpress.isec.tdrn.dev\/fi\/rom-shaked\" \/>\n<meta property=\"og:site_name\" content=\"I-SEC\" \/>\n<meta property=\"article:modified_time\" content=\"2024-06-26T14:55:15+00:00\" \/>\n<meta property=\"og:image\" content=\"https:\/\/www.acc.wordpress.isec.tdrn.dev\/app\/uploads\/2024\/05\/b6f3827f213a29e01d82f78189539ddb-300x200.jpeg\" \/>\n<meta name=\"twitter:card\" content=\"summary_large_image\" \/>\n<meta name=\"twitter:label1\" content=\"Arvioitu lukuaika\" \/>\n\t<meta name=\"twitter:data1\" content=\"2 minuuttia\" \/>\n<script type=\"application\/ld+json\" class=\"yoast-schema-graph\">{\"@context\":\"https:\/\/schema.org\",\"@graph\":[{\"@type\":\"WebPage\",\"@id\":\"https:\/\/www.acc.wordpress.isec.tdrn.dev\/fi\/rom-shaked\",\"url\":\"https:\/\/www.acc.wordpress.isec.tdrn.dev\/fi\/rom-shaked\",\"name\":\"Rom Shaked - I-SEC\",\"isPartOf\":{\"@id\":\"https:\/\/www.acc.wordpress.isec.tdrn.dev\/fi#website\"},\"primaryImageOfPage\":{\"@id\":\"https:\/\/www.acc.wordpress.isec.tdrn.dev\/fi\/rom-shaked#primaryimage\"},\"image\":{\"@id\":\"https:\/\/www.acc.wordpress.isec.tdrn.dev\/fi\/rom-shaked#primaryimage\"},\"thumbnailUrl\":\"https:\/\/www.acc.wordpress.isec.tdrn.dev\/app\/uploads\/2024\/05\/b6f3827f213a29e01d82f78189539ddb-300x200.jpeg\",\"datePublished\":\"2024-06-12T08:05:57+00:00\",\"dateModified\":\"2024-06-26T14:55:15+00:00\",\"breadcrumb\":{\"@id\":\"https:\/\/www.acc.wordpress.isec.tdrn.dev\/fi\/rom-shaked#breadcrumb\"},\"inLanguage\":\"fi\",\"potentialAction\":[{\"@type\":\"ReadAction\",\"target\":[\"https:\/\/www.acc.wordpress.isec.tdrn.dev\/fi\/rom-shaked\"]}]},{\"@type\":\"ImageObject\",\"inLanguage\":\"fi\",\"@id\":\"https:\/\/www.acc.wordpress.isec.tdrn.dev\/fi\/rom-shaked#primaryimage\",\"url\":\"https:\/\/www.acc.wordpress.isec.tdrn.dev\/app\/uploads\/2024\/05\/b6f3827f213a29e01d82f78189539ddb-300x200.jpeg\",\"contentUrl\":\"https:\/\/www.acc.wordpress.isec.tdrn.dev\/app\/uploads\/2024\/05\/b6f3827f213a29e01d82f78189539ddb-300x200.jpeg\"},{\"@type\":\"BreadcrumbList\",\"@id\":\"https:\/\/www.acc.wordpress.isec.tdrn.dev\/fi\/rom-shaked#breadcrumb\",\"itemListElement\":[{\"@type\":\"ListItem\",\"position\":1,\"name\":\"Home\",\"item\":\"https:\/\/www.acc.wordpress.isec.tdrn.dev\/fi\"},{\"@type\":\"ListItem\",\"position\":2,\"name\":\"Rom Shaked\"}]},{\"@type\":\"WebSite\",\"@id\":\"https:\/\/www.acc.wordpress.isec.tdrn.dev\/fi#website\",\"url\":\"https:\/\/www.acc.wordpress.isec.tdrn.dev\/fi\",\"name\":\"I-SEC\",\"description\":\"\",\"potentialAction\":[{\"@type\":\"SearchAction\",\"target\":{\"@type\":\"EntryPoint\",\"urlTemplate\":\"https:\/\/www.acc.wordpress.isec.tdrn.dev\/fi?s={search_term_string}\"},\"query-input\":{\"@type\":\"PropertyValueSpecification\",\"valueRequired\":true,\"valueName\":\"search_term_string\"}}],\"inLanguage\":\"fi\"}]}<\/script>\n<!-- \/ Yoast SEO plugin. -->","yoast_head_json":{"title":"Rom Shaked - I-SEC","robots":{"index":"index","follow":"follow","max-snippet":"max-snippet:-1","max-image-preview":"max-image-preview:large","max-video-preview":"max-video-preview:-1"},"canonical":"https:\/\/www.acc.wordpress.isec.tdrn.dev\/fi\/rom-shaked","og_locale":"fi_FI","og_type":"article","og_title":"Rom Shaked - I-SEC","og_description":"Toimitusjohtaja ja toimitusjohtaja Rom on 1. tammikuuta 2022 alkaen I-SEC International Security B.V:n toimitusjohtaja. Rom on CPA (Israel) ja asianajaja (Israel). H\u00e4n aloitti I-SEC International Securityn holdingyhti\u00f6n, ICTS International NV:n, palveluksessa sis\u00e4isen\u00e4 tarkastajana vuonna 2015. Huhtikuussa 2019 h\u00e4net nimitettiin I-SEC International Security B.V.:n varatoimitusjohtajaksi, joka vastaa yhti\u00f6n laadunvarmistuksesta ja yrityksen henkil\u00f6st\u00f6hallinnosta sek\u00e4 tukee projektinhallintaa eri [&hellip;]","og_url":"https:\/\/www.acc.wordpress.isec.tdrn.dev\/fi\/rom-shaked","og_site_name":"I-SEC","article_modified_time":"2024-06-26T14:55:15+00:00","og_image":[{"url":"https:\/\/www.acc.wordpress.isec.tdrn.dev\/app\/uploads\/2024\/05\/b6f3827f213a29e01d82f78189539ddb-300x200.jpeg","type":"","width":"","height":""}],"twitter_card":"summary_large_image","twitter_misc":{"Arvioitu lukuaika":"2 minuuttia"},"schema":{"@context":"https:\/\/schema.org","@graph":[{"@type":"WebPage","@id":"https:\/\/www.acc.wordpress.isec.tdrn.dev\/fi\/rom-shaked","url":"https:\/\/www.acc.wordpress.isec.tdrn.dev\/fi\/rom-shaked","name":"Rom Shaked - I-SEC","isPartOf":{"@id":"https:\/\/www.acc.wordpress.isec.tdrn.dev\/fi#website"},"primaryImageOfPage":{"@id":"https:\/\/www.acc.wordpress.isec.tdrn.dev\/fi\/rom-shaked#primaryimage"},"image":{"@id":"https:\/\/www.acc.wordpress.isec.tdrn.dev\/fi\/rom-shaked#primaryimage"},"thumbnailUrl":"https:\/\/www.acc.wordpress.isec.tdrn.dev\/app\/uploads\/2024\/05\/b6f3827f213a29e01d82f78189539ddb-300x200.jpeg","datePublished":"2024-06-12T08:05:57+00:00","dateModified":"2024-06-26T14:55:15+00:00","breadcrumb":{"@id":"https:\/\/www.acc.wordpress.isec.tdrn.dev\/fi\/rom-shaked#breadcrumb"},"inLanguage":"fi","potentialAction":[{"@type":"ReadAction","target":["https:\/\/www.acc.wordpress.isec.tdrn.dev\/fi\/rom-shaked"]}]},{"@type":"ImageObject","inLanguage":"fi","@id":"https:\/\/www.acc.wordpress.isec.tdrn.dev\/fi\/rom-shaked#primaryimage","url":"https:\/\/www.acc.wordpress.isec.tdrn.dev\/app\/uploads\/2024\/05\/b6f3827f213a29e01d82f78189539ddb-300x200.jpeg","contentUrl":"https:\/\/www.acc.wordpress.isec.tdrn.dev\/app\/uploads\/2024\/05\/b6f3827f213a29e01d82f78189539ddb-300x200.jpeg"},{"@type":"BreadcrumbList","@id":"https:\/\/www.acc.wordpress.isec.tdrn.dev\/fi\/rom-shaked#breadcrumb","itemListElement":[{"@type":"ListItem","position":1,"name":"Home","item":"https:\/\/www.acc.wordpress.isec.tdrn.dev\/fi"},{"@type":"ListItem","position":2,"name":"Rom Shaked"}]},{"@type":"WebSite","@id":"https:\/\/www.acc.wordpress.isec.tdrn.dev\/fi#website","url":"https:\/\/www.acc.wordpress.isec.tdrn.dev\/fi","name":"I-SEC","description":"","potentialAction":[{"@type":"SearchAction","target":{"@type":"EntryPoint","urlTemplate":"https:\/\/www.acc.wordpress.isec.tdrn.dev\/fi?s={search_term_string}"},"query-input":{"@type":"PropertyValueSpecification","valueRequired":true,"valueName":"search_term_string"}}],"inLanguage":"fi"}]}},"_links":{"self":[{"href":"https:\/\/www.acc.wordpress.isec.tdrn.dev\/fi\/wp-json\/wp\/v2\/pages\/1529","targetHints":{"allow":["GET"]}}],"collection":[{"href":"https:\/\/www.acc.wordpress.isec.tdrn.dev\/fi\/wp-json\/wp\/v2\/pages"}],"about":[{"href":"https:\/\/www.acc.wordpress.isec.tdrn.dev\/fi\/wp-json\/wp\/v2\/types\/page"}],"author":[{"embeddable":true,"href":"https:\/\/www.acc.wordpress.isec.tdrn.dev\/fi\/wp-json\/wp\/v2\/users\/1"}],"replies":[{"embeddable":true,"href":"https:\/\/www.acc.wordpress.isec.tdrn.dev\/fi\/wp-json\/wp\/v2\/comments?post=1529"}],"version-history":[{"count":6,"href":"https:\/\/www.acc.wordpress.isec.tdrn.dev\/fi\/wp-json\/wp\/v2\/pages\/1529\/revisions"}],"predecessor-version":[{"id":2556,"href":"https:\/\/www.acc.wordpress.isec.tdrn.dev\/fi\/wp-json\/wp\/v2\/pages\/1529\/revisions\/2556"}],"wp:attachment":[{"href":"https:\/\/www.acc.wordpress.isec.tdrn.dev\/fi\/wp-json\/wp\/v2\/media?parent=1529"}],"curies":[{"name":"wp","href":"https:\/\/api.w.org\/{rel}","templated":true}]}}