{"id":2589,"date":"2024-11-29T10:08:15","date_gmt":"2024-11-29T09:08:15","guid":{"rendered":"https:\/\/www.acc.wordpress.isec.tdrn.dev\/?page_id=2589"},"modified":"2024-11-29T10:30:55","modified_gmt":"2024-11-29T09:30:55","slug":"politicas","status":"publish","type":"page","link":"https:\/\/www.acc.wordpress.isec.tdrn.dev\/es\/politicas","title":{"rendered":"Pol\u00edticas"},"content":{"rendered":"<p><a href=\"https:\/\/www.acc.wordpress.isec.tdrn.dev\/app\/uploads\/2024\/11\/POL-Politica-Integrada-de-Gestion-I-SEC-SPAIN-ED.2.pdf\" target=\"_blank\" rel=\"noopener\">POL- POL\u00cdTICA INTEGRADA DE GESTI\u00d3N<\/a><\/p>\n<p><a href=\"https:\/\/www.acc.wordpress.isec.tdrn.dev\/app\/uploads\/2024\/11\/POL-CN-POLITICA-DE-CONTINUIDAD-DE-NEGOCIO-Ed1_10.24.pdf\" target=\"_blank\" rel=\"noopener\">POL CN &#8211; POL\u00cdTICA DE CONTINUIDAD DE NEGOCIO<\/a><\/p>\n<p><a href=\"https:\/\/www.acc.wordpress.isec.tdrn.dev\/app\/uploads\/2024\/11\/VER02-POLITICA-CORPORATIVA-I-SEC.pdf\" target=\"_blank\" rel=\"noopener\">Modelo de Pol\u00edtica Corporativa, integridad, transparencia y compromiso de GRUPO I-SEC<\/a><\/p>\n<p><img loading=\"lazy\" decoding=\"async\" class=\"alignnone size-medium wp-image-2592\" src=\"https:\/\/www.acc.wordpress.isec.tdrn.dev\/app\/uploads\/2024\/11\/Brand-Spain-9001-300x162.jpg\" alt=\"ISO 9001 logo\" width=\"260\" height=\"140\" srcset=\"https:\/\/www.acc.wordpress.isec.tdrn.dev\/app\/uploads\/2024\/11\/Brand-Spain-9001-300x162.jpg 300w, https:\/\/www.acc.wordpress.isec.tdrn.dev\/app\/uploads\/2024\/11\/Brand-Spain-9001-1024x553.jpg 1024w, https:\/\/www.acc.wordpress.isec.tdrn.dev\/app\/uploads\/2024\/11\/Brand-Spain-9001-768x415.jpg 768w, https:\/\/www.acc.wordpress.isec.tdrn.dev\/app\/uploads\/2024\/11\/Brand-Spain-9001-1536x830.jpg 1536w, https:\/\/www.acc.wordpress.isec.tdrn.dev\/app\/uploads\/2024\/11\/Brand-Spain-9001-2048x1106.jpg 2048w\" sizes=\"auto, (max-width: 260px) 100vw, 260px\" \/> <img loading=\"lazy\" decoding=\"async\" class=\"alignnone size-medium wp-image-2602\" src=\"https:\/\/www.acc.wordpress.isec.tdrn.dev\/app\/uploads\/2024\/11\/Brand-Spain-14001-300x162.jpg\" alt=\"ISO 14001 logo\" width=\"260\" height=\"140\" srcset=\"https:\/\/www.acc.wordpress.isec.tdrn.dev\/app\/uploads\/2024\/11\/Brand-Spain-14001-300x162.jpg 300w, https:\/\/www.acc.wordpress.isec.tdrn.dev\/app\/uploads\/2024\/11\/Brand-Spain-14001-1024x553.jpg 1024w, https:\/\/www.acc.wordpress.isec.tdrn.dev\/app\/uploads\/2024\/11\/Brand-Spain-14001-768x415.jpg 768w, https:\/\/www.acc.wordpress.isec.tdrn.dev\/app\/uploads\/2024\/11\/Brand-Spain-14001-1536x830.jpg 1536w, https:\/\/www.acc.wordpress.isec.tdrn.dev\/app\/uploads\/2024\/11\/Brand-Spain-14001-2048x1106.jpg 2048w\" sizes=\"auto, (max-width: 260px) 100vw, 260px\" \/> <img loading=\"lazy\" decoding=\"async\" class=\"alignnone size-medium wp-image-2612\" src=\"https:\/\/www.acc.wordpress.isec.tdrn.dev\/app\/uploads\/2024\/11\/Brand-Spain-45001-300x162.jpg\" alt=\"ISO 45001 logo\" width=\"260\" height=\"140\" srcset=\"https:\/\/www.acc.wordpress.isec.tdrn.dev\/app\/uploads\/2024\/11\/Brand-Spain-45001-300x162.jpg 300w, https:\/\/www.acc.wordpress.isec.tdrn.dev\/app\/uploads\/2024\/11\/Brand-Spain-45001-1024x553.jpg 1024w, https:\/\/www.acc.wordpress.isec.tdrn.dev\/app\/uploads\/2024\/11\/Brand-Spain-45001-768x415.jpg 768w, https:\/\/www.acc.wordpress.isec.tdrn.dev\/app\/uploads\/2024\/11\/Brand-Spain-45001-1536x830.jpg 1536w, https:\/\/www.acc.wordpress.isec.tdrn.dev\/app\/uploads\/2024\/11\/Brand-Spain-45001-2048x1106.jpg 2048w\" sizes=\"auto, (max-width: 260px) 100vw, 260px\" \/><\/p>\n<p><img decoding=\"async\" src=\"https:\/\/www.acc.wordpress.isec.tdrn.dev\/app\/uploads\/2024\/11\/Seal-Colour-Alcumus-ISOQAR-27001-1536x1536-Copy.jpg\" alt=\"ISO 27001 logo\" width=\"300px\" \/><\/p>\n","protected":false},"excerpt":{"rendered":"<p>POL- POL\u00cdTICA INTEGRADA DE GESTI\u00d3N POL CN &#8211; POL\u00cdTICA DE CONTINUIDAD DE NEGOCIO Modelo de Pol\u00edtica Corporativa, integridad, transparencia y compromiso de GRUPO I-SEC<\/p>\n","protected":false},"author":1,"featured_media":0,"parent":0,"menu_order":0,"comment_status":"closed","ping_status":"closed","template":"","meta":{"_acf_changed":false,"footnotes":""},"class_list":["post-2589","page","type-page","status-publish","hentry"],"acf":[],"yoast_head":"<!-- This site is optimized with the Yoast SEO plugin v26.9 - https:\/\/yoast.com\/product\/yoast-seo-wordpress\/ -->\n<title>Pol\u00edticas - I-SEC<\/title>\n<meta name=\"robots\" content=\"index, follow, max-snippet:-1, max-image-preview:large, max-video-preview:-1\" \/>\n<link rel=\"canonical\" href=\"https:\/\/www.acc.wordpress.isec.tdrn.dev\/es\/politicas\" \/>\n<meta property=\"og:locale\" content=\"es_ES\" \/>\n<meta property=\"og:type\" content=\"article\" \/>\n<meta property=\"og:title\" content=\"Pol\u00edticas - I-SEC\" \/>\n<meta property=\"og:description\" content=\"POL- POL\u00cdTICA INTEGRADA DE GESTI\u00d3N POL CN &#8211; POL\u00cdTICA DE CONTINUIDAD DE NEGOCIO Modelo de Pol\u00edtica Corporativa, integridad, transparencia y compromiso de GRUPO I-SEC\" \/>\n<meta property=\"og:url\" content=\"https:\/\/www.acc.wordpress.isec.tdrn.dev\/es\/politicas\" \/>\n<meta property=\"og:site_name\" content=\"I-SEC\" \/>\n<meta property=\"article:modified_time\" content=\"2024-11-29T09:30:55+00:00\" \/>\n<meta property=\"og:image\" content=\"https:\/\/www.acc.wordpress.isec.tdrn.dev\/app\/uploads\/2024\/11\/Brand-Spain-9001-300x162.jpg\" \/>\n<meta name=\"twitter:card\" content=\"summary_large_image\" \/>\n<meta name=\"twitter:label1\" content=\"Tiempo de lectura\" \/>\n\t<meta name=\"twitter:data1\" content=\"1 minuto\" \/>\n<script type=\"application\/ld+json\" class=\"yoast-schema-graph\">{\"@context\":\"https:\/\/schema.org\",\"@graph\":[{\"@type\":\"WebPage\",\"@id\":\"https:\/\/www.acc.wordpress.isec.tdrn.dev\/es\/politicas\",\"url\":\"https:\/\/www.acc.wordpress.isec.tdrn.dev\/es\/politicas\",\"name\":\"Pol\u00edticas - I-SEC\",\"isPartOf\":{\"@id\":\"https:\/\/www.acc.wordpress.isec.tdrn.dev\/es#website\"},\"primaryImageOfPage\":{\"@id\":\"https:\/\/www.acc.wordpress.isec.tdrn.dev\/es\/politicas#primaryimage\"},\"image\":{\"@id\":\"https:\/\/www.acc.wordpress.isec.tdrn.dev\/es\/politicas#primaryimage\"},\"thumbnailUrl\":\"https:\/\/www.acc.wordpress.isec.tdrn.dev\/app\/uploads\/2024\/11\/Brand-Spain-9001-300x162.jpg\",\"datePublished\":\"2024-11-29T09:08:15+00:00\",\"dateModified\":\"2024-11-29T09:30:55+00:00\",\"breadcrumb\":{\"@id\":\"https:\/\/www.acc.wordpress.isec.tdrn.dev\/es\/politicas#breadcrumb\"},\"inLanguage\":\"es\",\"potentialAction\":[{\"@type\":\"ReadAction\",\"target\":[\"https:\/\/www.acc.wordpress.isec.tdrn.dev\/es\/politicas\"]}]},{\"@type\":\"ImageObject\",\"inLanguage\":\"es\",\"@id\":\"https:\/\/www.acc.wordpress.isec.tdrn.dev\/es\/politicas#primaryimage\",\"url\":\"https:\/\/www.acc.wordpress.isec.tdrn.dev\/app\/uploads\/2024\/11\/Brand-Spain-9001-300x162.jpg\",\"contentUrl\":\"https:\/\/www.acc.wordpress.isec.tdrn.dev\/app\/uploads\/2024\/11\/Brand-Spain-9001-300x162.jpg\"},{\"@type\":\"BreadcrumbList\",\"@id\":\"https:\/\/www.acc.wordpress.isec.tdrn.dev\/es\/politicas#breadcrumb\",\"itemListElement\":[{\"@type\":\"ListItem\",\"position\":1,\"name\":\"Home\",\"item\":\"https:\/\/www.acc.wordpress.isec.tdrn.dev\/es\"},{\"@type\":\"ListItem\",\"position\":2,\"name\":\"Pol\u00edticas\"}]},{\"@type\":\"WebSite\",\"@id\":\"https:\/\/www.acc.wordpress.isec.tdrn.dev\/es#website\",\"url\":\"https:\/\/www.acc.wordpress.isec.tdrn.dev\/es\",\"name\":\"I-SEC\",\"description\":\"\",\"potentialAction\":[{\"@type\":\"SearchAction\",\"target\":{\"@type\":\"EntryPoint\",\"urlTemplate\":\"https:\/\/www.acc.wordpress.isec.tdrn.dev\/es?s={search_term_string}\"},\"query-input\":{\"@type\":\"PropertyValueSpecification\",\"valueRequired\":true,\"valueName\":\"search_term_string\"}}],\"inLanguage\":\"es\"}]}<\/script>\n<!-- \/ Yoast SEO plugin. -->","yoast_head_json":{"title":"Pol\u00edticas - I-SEC","robots":{"index":"index","follow":"follow","max-snippet":"max-snippet:-1","max-image-preview":"max-image-preview:large","max-video-preview":"max-video-preview:-1"},"canonical":"https:\/\/www.acc.wordpress.isec.tdrn.dev\/es\/politicas","og_locale":"es_ES","og_type":"article","og_title":"Pol\u00edticas - I-SEC","og_description":"POL- POL\u00cdTICA INTEGRADA DE GESTI\u00d3N POL CN &#8211; POL\u00cdTICA DE CONTINUIDAD DE NEGOCIO Modelo de Pol\u00edtica Corporativa, integridad, transparencia y compromiso de GRUPO I-SEC","og_url":"https:\/\/www.acc.wordpress.isec.tdrn.dev\/es\/politicas","og_site_name":"I-SEC","article_modified_time":"2024-11-29T09:30:55+00:00","og_image":[{"url":"https:\/\/www.acc.wordpress.isec.tdrn.dev\/app\/uploads\/2024\/11\/Brand-Spain-9001-300x162.jpg","type":"","width":"","height":""}],"twitter_card":"summary_large_image","twitter_misc":{"Tiempo de lectura":"1 minuto"},"schema":{"@context":"https:\/\/schema.org","@graph":[{"@type":"WebPage","@id":"https:\/\/www.acc.wordpress.isec.tdrn.dev\/es\/politicas","url":"https:\/\/www.acc.wordpress.isec.tdrn.dev\/es\/politicas","name":"Pol\u00edticas - I-SEC","isPartOf":{"@id":"https:\/\/www.acc.wordpress.isec.tdrn.dev\/es#website"},"primaryImageOfPage":{"@id":"https:\/\/www.acc.wordpress.isec.tdrn.dev\/es\/politicas#primaryimage"},"image":{"@id":"https:\/\/www.acc.wordpress.isec.tdrn.dev\/es\/politicas#primaryimage"},"thumbnailUrl":"https:\/\/www.acc.wordpress.isec.tdrn.dev\/app\/uploads\/2024\/11\/Brand-Spain-9001-300x162.jpg","datePublished":"2024-11-29T09:08:15+00:00","dateModified":"2024-11-29T09:30:55+00:00","breadcrumb":{"@id":"https:\/\/www.acc.wordpress.isec.tdrn.dev\/es\/politicas#breadcrumb"},"inLanguage":"es","potentialAction":[{"@type":"ReadAction","target":["https:\/\/www.acc.wordpress.isec.tdrn.dev\/es\/politicas"]}]},{"@type":"ImageObject","inLanguage":"es","@id":"https:\/\/www.acc.wordpress.isec.tdrn.dev\/es\/politicas#primaryimage","url":"https:\/\/www.acc.wordpress.isec.tdrn.dev\/app\/uploads\/2024\/11\/Brand-Spain-9001-300x162.jpg","contentUrl":"https:\/\/www.acc.wordpress.isec.tdrn.dev\/app\/uploads\/2024\/11\/Brand-Spain-9001-300x162.jpg"},{"@type":"BreadcrumbList","@id":"https:\/\/www.acc.wordpress.isec.tdrn.dev\/es\/politicas#breadcrumb","itemListElement":[{"@type":"ListItem","position":1,"name":"Home","item":"https:\/\/www.acc.wordpress.isec.tdrn.dev\/es"},{"@type":"ListItem","position":2,"name":"Pol\u00edticas"}]},{"@type":"WebSite","@id":"https:\/\/www.acc.wordpress.isec.tdrn.dev\/es#website","url":"https:\/\/www.acc.wordpress.isec.tdrn.dev\/es","name":"I-SEC","description":"","potentialAction":[{"@type":"SearchAction","target":{"@type":"EntryPoint","urlTemplate":"https:\/\/www.acc.wordpress.isec.tdrn.dev\/es?s={search_term_string}"},"query-input":{"@type":"PropertyValueSpecification","valueRequired":true,"valueName":"search_term_string"}}],"inLanguage":"es"}]}},"_links":{"self":[{"href":"https:\/\/www.acc.wordpress.isec.tdrn.dev\/es\/wp-json\/wp\/v2\/pages\/2589","targetHints":{"allow":["GET"]}}],"collection":[{"href":"https:\/\/www.acc.wordpress.isec.tdrn.dev\/es\/wp-json\/wp\/v2\/pages"}],"about":[{"href":"https:\/\/www.acc.wordpress.isec.tdrn.dev\/es\/wp-json\/wp\/v2\/types\/page"}],"author":[{"embeddable":true,"href":"https:\/\/www.acc.wordpress.isec.tdrn.dev\/es\/wp-json\/wp\/v2\/users\/1"}],"replies":[{"embeddable":true,"href":"https:\/\/www.acc.wordpress.isec.tdrn.dev\/es\/wp-json\/wp\/v2\/comments?post=2589"}],"version-history":[{"count":11,"href":"https:\/\/www.acc.wordpress.isec.tdrn.dev\/es\/wp-json\/wp\/v2\/pages\/2589\/revisions"}],"predecessor-version":[{"id":2671,"href":"https:\/\/www.acc.wordpress.isec.tdrn.dev\/es\/wp-json\/wp\/v2\/pages\/2589\/revisions\/2671"}],"wp:attachment":[{"href":"https:\/\/www.acc.wordpress.isec.tdrn.dev\/es\/wp-json\/wp\/v2\/media?parent=2589"}],"curies":[{"name":"wp","href":"https:\/\/api.w.org\/{rel}","templated":true}]}}