{"id":1530,"date":"2024-06-12T10:05:57","date_gmt":"2024-06-12T08:05:57","guid":{"rendered":"https:\/\/www.acc.wordpress.isec.tdrn.dev\/rom-shaked"},"modified":"2024-06-20T16:50:25","modified_gmt":"2024-06-20T14:50:25","slug":"rom-shaked","status":"publish","type":"page","link":"https:\/\/www.acc.wordpress.isec.tdrn.dev\/es\/rom-shaked","title":{"rendered":"Rom Shaked"},"content":{"rendered":"<h5><b>Consejero Delegado y Director General<\/b><\/h5>\n<p><span style=\"font-weight: 400;\">Desde el 1 de enero de 2022, Rom ocupa el cargo de Director General de I-SEC International Security B.V.<\/span><\/p>\n<p><span style=\"font-weight: 400;\">Rom es contador p\u00fablico (Israel) y abogado (Israel). Se incorpor\u00f3 al holding de I-SEC International Security, ICTS International N.V., en 2015 como auditor interno. En abril de 2019, fue nombrado Director General Adjunto de I-SEC International Security B.V., responsable de la Garant\u00eda de Calidad y RRHH Corporativos de la empresa y prestando apoyo en la gesti\u00f3n de proyectos en distintas \u00e1reas. A partir de febrero de 2020, Rom se convirti\u00f3 en Director General conjunto de I-SEC International Security B.V.<\/span><\/p>\n<p><span style=\"font-weight: 400;\">Antes de incorporarse a I-SEC, Rom trabaj\u00f3<\/span>como auditor financiero en la Autoridad Israel\u00ed de Valores (ISA).<\/p>\n<p>&nbsp;<\/p>\n<p><img loading=\"lazy\" decoding=\"async\" class=\"alignnone size-medium wp-image-104\" src=\"https:\/\/www.acc.wordpress.isec.tdrn.dev\/app\/uploads\/2024\/05\/b6f3827f213a29e01d82f78189539ddb-300x200.jpeg\" alt=\"\" width=\"300\" height=\"200\" srcset=\"https:\/\/www.acc.wordpress.isec.tdrn.dev\/app\/uploads\/2024\/05\/b6f3827f213a29e01d82f78189539ddb-300x200.jpeg 300w, https:\/\/www.acc.wordpress.isec.tdrn.dev\/app\/uploads\/2024\/05\/b6f3827f213a29e01d82f78189539ddb-1024x683.jpeg 1024w, https:\/\/www.acc.wordpress.isec.tdrn.dev\/app\/uploads\/2024\/05\/b6f3827f213a29e01d82f78189539ddb-768x512.jpeg 768w, https:\/\/www.acc.wordpress.isec.tdrn.dev\/app\/uploads\/2024\/05\/b6f3827f213a29e01d82f78189539ddb-1536x1024.jpeg 1536w, https:\/\/www.acc.wordpress.isec.tdrn.dev\/app\/uploads\/2024\/05\/b6f3827f213a29e01d82f78189539ddb.jpeg 2048w\" sizes=\"auto, (max-width: 300px) 100vw, 300px\" \/><\/p>\n","protected":false},"excerpt":{"rendered":"<p>Consejero Delegado y Director General Desde el 1 de enero de 2022, Rom ocupa el cargo de Director General de I-SEC International Security B.V. Rom es contador p\u00fablico (Israel) y abogado (Israel). Se incorpor\u00f3 al holding de I-SEC International Security, ICTS International N.V., en 2015 como auditor interno. En abril de 2019, fue nombrado Director [&hellip;]<\/p>\n","protected":false},"author":1,"featured_media":0,"parent":0,"menu_order":0,"comment_status":"closed","ping_status":"closed","template":"templates\/tpl-blocks.php","meta":{"_acf_changed":false,"footnotes":""},"class_list":["post-1530","page","type-page","status-publish","hentry"],"acf":[],"yoast_head":"<!-- This site is optimized with the Yoast SEO plugin v26.9 - https:\/\/yoast.com\/product\/yoast-seo-wordpress\/ -->\n<title>Rom Shaked - I-SEC<\/title>\n<meta name=\"robots\" content=\"index, follow, max-snippet:-1, max-image-preview:large, max-video-preview:-1\" \/>\n<link rel=\"canonical\" href=\"https:\/\/www.acc.wordpress.isec.tdrn.dev\/es\/rom-shaked\" \/>\n<meta property=\"og:locale\" content=\"es_ES\" \/>\n<meta property=\"og:type\" content=\"article\" \/>\n<meta property=\"og:title\" content=\"Rom Shaked - I-SEC\" \/>\n<meta property=\"og:description\" content=\"Consejero Delegado y Director General Desde el 1 de enero de 2022, Rom ocupa el cargo de Director General de I-SEC International Security B.V. Rom es contador p\u00fablico (Israel) y abogado (Israel). Se incorpor\u00f3 al holding de I-SEC International Security, ICTS International N.V., en 2015 como auditor interno. En abril de 2019, fue nombrado Director [&hellip;]\" \/>\n<meta property=\"og:url\" content=\"https:\/\/www.acc.wordpress.isec.tdrn.dev\/es\/rom-shaked\" \/>\n<meta property=\"og:site_name\" content=\"I-SEC\" \/>\n<meta property=\"article:modified_time\" content=\"2024-06-20T14:50:25+00:00\" \/>\n<meta property=\"og:image\" content=\"https:\/\/www.acc.wordpress.isec.tdrn.dev\/app\/uploads\/2024\/05\/b6f3827f213a29e01d82f78189539ddb-300x200.jpeg\" \/>\n<meta name=\"twitter:card\" content=\"summary_large_image\" \/>\n<meta name=\"twitter:label1\" content=\"Tiempo de lectura\" \/>\n\t<meta name=\"twitter:data1\" content=\"2 minutos\" \/>\n<script type=\"application\/ld+json\" class=\"yoast-schema-graph\">{\"@context\":\"https:\/\/schema.org\",\"@graph\":[{\"@type\":\"WebPage\",\"@id\":\"https:\/\/www.acc.wordpress.isec.tdrn.dev\/es\/rom-shaked\",\"url\":\"https:\/\/www.acc.wordpress.isec.tdrn.dev\/es\/rom-shaked\",\"name\":\"Rom Shaked - I-SEC\",\"isPartOf\":{\"@id\":\"https:\/\/www.acc.wordpress.isec.tdrn.dev\/es#website\"},\"primaryImageOfPage\":{\"@id\":\"https:\/\/www.acc.wordpress.isec.tdrn.dev\/es\/rom-shaked#primaryimage\"},\"image\":{\"@id\":\"https:\/\/www.acc.wordpress.isec.tdrn.dev\/es\/rom-shaked#primaryimage\"},\"thumbnailUrl\":\"https:\/\/www.acc.wordpress.isec.tdrn.dev\/app\/uploads\/2024\/05\/b6f3827f213a29e01d82f78189539ddb-300x200.jpeg\",\"datePublished\":\"2024-06-12T08:05:57+00:00\",\"dateModified\":\"2024-06-20T14:50:25+00:00\",\"breadcrumb\":{\"@id\":\"https:\/\/www.acc.wordpress.isec.tdrn.dev\/es\/rom-shaked#breadcrumb\"},\"inLanguage\":\"es\",\"potentialAction\":[{\"@type\":\"ReadAction\",\"target\":[\"https:\/\/www.acc.wordpress.isec.tdrn.dev\/es\/rom-shaked\"]}]},{\"@type\":\"ImageObject\",\"inLanguage\":\"es\",\"@id\":\"https:\/\/www.acc.wordpress.isec.tdrn.dev\/es\/rom-shaked#primaryimage\",\"url\":\"https:\/\/www.acc.wordpress.isec.tdrn.dev\/app\/uploads\/2024\/05\/b6f3827f213a29e01d82f78189539ddb-300x200.jpeg\",\"contentUrl\":\"https:\/\/www.acc.wordpress.isec.tdrn.dev\/app\/uploads\/2024\/05\/b6f3827f213a29e01d82f78189539ddb-300x200.jpeg\"},{\"@type\":\"BreadcrumbList\",\"@id\":\"https:\/\/www.acc.wordpress.isec.tdrn.dev\/es\/rom-shaked#breadcrumb\",\"itemListElement\":[{\"@type\":\"ListItem\",\"position\":1,\"name\":\"Home\",\"item\":\"https:\/\/www.acc.wordpress.isec.tdrn.dev\/es\"},{\"@type\":\"ListItem\",\"position\":2,\"name\":\"Rom Shaked\"}]},{\"@type\":\"WebSite\",\"@id\":\"https:\/\/www.acc.wordpress.isec.tdrn.dev\/es#website\",\"url\":\"https:\/\/www.acc.wordpress.isec.tdrn.dev\/es\",\"name\":\"I-SEC\",\"description\":\"\",\"potentialAction\":[{\"@type\":\"SearchAction\",\"target\":{\"@type\":\"EntryPoint\",\"urlTemplate\":\"https:\/\/www.acc.wordpress.isec.tdrn.dev\/es?s={search_term_string}\"},\"query-input\":{\"@type\":\"PropertyValueSpecification\",\"valueRequired\":true,\"valueName\":\"search_term_string\"}}],\"inLanguage\":\"es\"}]}<\/script>\n<!-- \/ Yoast SEO plugin. -->","yoast_head_json":{"title":"Rom Shaked - I-SEC","robots":{"index":"index","follow":"follow","max-snippet":"max-snippet:-1","max-image-preview":"max-image-preview:large","max-video-preview":"max-video-preview:-1"},"canonical":"https:\/\/www.acc.wordpress.isec.tdrn.dev\/es\/rom-shaked","og_locale":"es_ES","og_type":"article","og_title":"Rom Shaked - I-SEC","og_description":"Consejero Delegado y Director General Desde el 1 de enero de 2022, Rom ocupa el cargo de Director General de I-SEC International Security B.V. Rom es contador p\u00fablico (Israel) y abogado (Israel). Se incorpor\u00f3 al holding de I-SEC International Security, ICTS International N.V., en 2015 como auditor interno. En abril de 2019, fue nombrado Director [&hellip;]","og_url":"https:\/\/www.acc.wordpress.isec.tdrn.dev\/es\/rom-shaked","og_site_name":"I-SEC","article_modified_time":"2024-06-20T14:50:25+00:00","og_image":[{"url":"https:\/\/www.acc.wordpress.isec.tdrn.dev\/app\/uploads\/2024\/05\/b6f3827f213a29e01d82f78189539ddb-300x200.jpeg","type":"","width":"","height":""}],"twitter_card":"summary_large_image","twitter_misc":{"Tiempo de lectura":"2 minutos"},"schema":{"@context":"https:\/\/schema.org","@graph":[{"@type":"WebPage","@id":"https:\/\/www.acc.wordpress.isec.tdrn.dev\/es\/rom-shaked","url":"https:\/\/www.acc.wordpress.isec.tdrn.dev\/es\/rom-shaked","name":"Rom Shaked - I-SEC","isPartOf":{"@id":"https:\/\/www.acc.wordpress.isec.tdrn.dev\/es#website"},"primaryImageOfPage":{"@id":"https:\/\/www.acc.wordpress.isec.tdrn.dev\/es\/rom-shaked#primaryimage"},"image":{"@id":"https:\/\/www.acc.wordpress.isec.tdrn.dev\/es\/rom-shaked#primaryimage"},"thumbnailUrl":"https:\/\/www.acc.wordpress.isec.tdrn.dev\/app\/uploads\/2024\/05\/b6f3827f213a29e01d82f78189539ddb-300x200.jpeg","datePublished":"2024-06-12T08:05:57+00:00","dateModified":"2024-06-20T14:50:25+00:00","breadcrumb":{"@id":"https:\/\/www.acc.wordpress.isec.tdrn.dev\/es\/rom-shaked#breadcrumb"},"inLanguage":"es","potentialAction":[{"@type":"ReadAction","target":["https:\/\/www.acc.wordpress.isec.tdrn.dev\/es\/rom-shaked"]}]},{"@type":"ImageObject","inLanguage":"es","@id":"https:\/\/www.acc.wordpress.isec.tdrn.dev\/es\/rom-shaked#primaryimage","url":"https:\/\/www.acc.wordpress.isec.tdrn.dev\/app\/uploads\/2024\/05\/b6f3827f213a29e01d82f78189539ddb-300x200.jpeg","contentUrl":"https:\/\/www.acc.wordpress.isec.tdrn.dev\/app\/uploads\/2024\/05\/b6f3827f213a29e01d82f78189539ddb-300x200.jpeg"},{"@type":"BreadcrumbList","@id":"https:\/\/www.acc.wordpress.isec.tdrn.dev\/es\/rom-shaked#breadcrumb","itemListElement":[{"@type":"ListItem","position":1,"name":"Home","item":"https:\/\/www.acc.wordpress.isec.tdrn.dev\/es"},{"@type":"ListItem","position":2,"name":"Rom Shaked"}]},{"@type":"WebSite","@id":"https:\/\/www.acc.wordpress.isec.tdrn.dev\/es#website","url":"https:\/\/www.acc.wordpress.isec.tdrn.dev\/es","name":"I-SEC","description":"","potentialAction":[{"@type":"SearchAction","target":{"@type":"EntryPoint","urlTemplate":"https:\/\/www.acc.wordpress.isec.tdrn.dev\/es?s={search_term_string}"},"query-input":{"@type":"PropertyValueSpecification","valueRequired":true,"valueName":"search_term_string"}}],"inLanguage":"es"}]}},"_links":{"self":[{"href":"https:\/\/www.acc.wordpress.isec.tdrn.dev\/es\/wp-json\/wp\/v2\/pages\/1530","targetHints":{"allow":["GET"]}}],"collection":[{"href":"https:\/\/www.acc.wordpress.isec.tdrn.dev\/es\/wp-json\/wp\/v2\/pages"}],"about":[{"href":"https:\/\/www.acc.wordpress.isec.tdrn.dev\/es\/wp-json\/wp\/v2\/types\/page"}],"author":[{"embeddable":true,"href":"https:\/\/www.acc.wordpress.isec.tdrn.dev\/es\/wp-json\/wp\/v2\/users\/1"}],"replies":[{"embeddable":true,"href":"https:\/\/www.acc.wordpress.isec.tdrn.dev\/es\/wp-json\/wp\/v2\/comments?post=1530"}],"version-history":[{"count":1,"href":"https:\/\/www.acc.wordpress.isec.tdrn.dev\/es\/wp-json\/wp\/v2\/pages\/1530\/revisions"}],"predecessor-version":[{"id":1542,"href":"https:\/\/www.acc.wordpress.isec.tdrn.dev\/es\/wp-json\/wp\/v2\/pages\/1530\/revisions\/1542"}],"wp:attachment":[{"href":"https:\/\/www.acc.wordpress.isec.tdrn.dev\/es\/wp-json\/wp\/v2\/media?parent=1530"}],"curies":[{"name":"wp","href":"https:\/\/api.w.org\/{rel}","templated":true}]}}