{"id":1520,"date":"2024-06-12T10:05:57","date_gmt":"2024-06-12T08:05:57","guid":{"rendered":"https:\/\/www.acc.wordpress.isec.tdrn.dev\/rom-shaked"},"modified":"2024-06-20T16:46:40","modified_gmt":"2024-06-20T14:46:40","slug":"rom-shaked","status":"publish","type":"page","link":"https:\/\/www.acc.wordpress.isec.tdrn.dev\/da\/rom-shaked","title":{"rendered":"Rom Shaked"},"content":{"rendered":"<h5><b>CEO og administrerende direkt\u00f8r<\/b><\/h5>\n<p><span style=\"font-weight: 400;\">Fra 1. januar 2022 er Rom administrerende direkt\u00f8r for I-SEC International Security B.V.<\/span><\/p>\n<p><span style=\"font-weight: 400;\">Rom er CPA (Israel) og advokat (Israel). Han kom til I-SEC International Securitys holdingselskab, ICTS International N.V., i 2015 som intern revisor. I april 2019 blev han udn\u00e6vnt til viceadministrerende direkt\u00f8r for I-SEC International Security B.V. med ansvar for virksomhedens kvalitetssikring og corporate HR samt st\u00f8tte til projektledelse inden for forskellige omr\u00e5der. Fra februar 2020 blev Rom f\u00e6lles administrerende direkt\u00f8r for I-SEC International Security B.V.<\/span><\/p>\n<p><span style=\"font-weight: 400;\">F\u00f8r han kom til I-SEC, arbejdede Rom som<\/span>finansiel revisor hos den israelske v\u00e6rdipapirmyndighed (ISA).<\/p>\n<p>&nbsp;<\/p>\n<p><img loading=\"lazy\" decoding=\"async\" class=\"alignnone size-medium wp-image-104\" src=\"https:\/\/www.acc.wordpress.isec.tdrn.dev\/app\/uploads\/2024\/05\/b6f3827f213a29e01d82f78189539ddb-300x200.jpeg\" alt=\"\" width=\"300\" height=\"200\" srcset=\"https:\/\/www.acc.wordpress.isec.tdrn.dev\/app\/uploads\/2024\/05\/b6f3827f213a29e01d82f78189539ddb-300x200.jpeg 300w, https:\/\/www.acc.wordpress.isec.tdrn.dev\/app\/uploads\/2024\/05\/b6f3827f213a29e01d82f78189539ddb-1024x683.jpeg 1024w, https:\/\/www.acc.wordpress.isec.tdrn.dev\/app\/uploads\/2024\/05\/b6f3827f213a29e01d82f78189539ddb-768x512.jpeg 768w, https:\/\/www.acc.wordpress.isec.tdrn.dev\/app\/uploads\/2024\/05\/b6f3827f213a29e01d82f78189539ddb-1536x1024.jpeg 1536w, https:\/\/www.acc.wordpress.isec.tdrn.dev\/app\/uploads\/2024\/05\/b6f3827f213a29e01d82f78189539ddb.jpeg 2048w\" sizes=\"auto, (max-width: 300px) 100vw, 300px\" \/><\/p>\n","protected":false},"excerpt":{"rendered":"<p>CEO og administrerende direkt\u00f8r Fra 1. januar 2022 er Rom administrerende direkt\u00f8r for I-SEC International Security B.V. Rom er CPA (Israel) og advokat (Israel). Han kom til I-SEC International Securitys holdingselskab, ICTS International N.V., i 2015 som intern revisor. I april 2019 blev han udn\u00e6vnt til viceadministrerende direkt\u00f8r for I-SEC International Security B.V. med ansvar [&hellip;]<\/p>\n","protected":false},"author":1,"featured_media":0,"parent":0,"menu_order":0,"comment_status":"closed","ping_status":"closed","template":"templates\/tpl-blocks.php","meta":{"_acf_changed":false,"footnotes":""},"class_list":["post-1520","page","type-page","status-publish","hentry"],"acf":[],"yoast_head":"<!-- This site is optimized with the Yoast SEO plugin v26.9 - https:\/\/yoast.com\/product\/yoast-seo-wordpress\/ -->\n<title>Rom Shaked - I-SEC<\/title>\n<meta name=\"robots\" content=\"index, follow, max-snippet:-1, max-image-preview:large, max-video-preview:-1\" \/>\n<link rel=\"canonical\" href=\"https:\/\/www.acc.wordpress.isec.tdrn.dev\/da\/rom-shaked\" \/>\n<meta property=\"og:locale\" content=\"da_DK\" \/>\n<meta property=\"og:type\" content=\"article\" \/>\n<meta property=\"og:title\" content=\"Rom Shaked - I-SEC\" \/>\n<meta property=\"og:description\" content=\"CEO og administrerende direkt\u00f8r Fra 1. januar 2022 er Rom administrerende direkt\u00f8r for I-SEC International Security B.V. Rom er CPA (Israel) og advokat (Israel). Han kom til I-SEC International Securitys holdingselskab, ICTS International N.V., i 2015 som intern revisor. I april 2019 blev han udn\u00e6vnt til viceadministrerende direkt\u00f8r for I-SEC International Security B.V. med ansvar [&hellip;]\" \/>\n<meta property=\"og:url\" content=\"https:\/\/www.acc.wordpress.isec.tdrn.dev\/da\/rom-shaked\" \/>\n<meta property=\"og:site_name\" content=\"I-SEC\" \/>\n<meta property=\"article:modified_time\" content=\"2024-06-20T14:46:40+00:00\" \/>\n<meta property=\"og:image\" content=\"https:\/\/www.acc.wordpress.isec.tdrn.dev\/app\/uploads\/2024\/05\/b6f3827f213a29e01d82f78189539ddb-300x200.jpeg\" \/>\n<meta name=\"twitter:card\" content=\"summary_large_image\" \/>\n<meta name=\"twitter:label1\" content=\"Estimeret l\u00e6setid\" \/>\n\t<meta name=\"twitter:data1\" content=\"2 minutter\" \/>\n<script type=\"application\/ld+json\" class=\"yoast-schema-graph\">{\"@context\":\"https:\/\/schema.org\",\"@graph\":[{\"@type\":\"WebPage\",\"@id\":\"https:\/\/www.acc.wordpress.isec.tdrn.dev\/da\/rom-shaked\",\"url\":\"https:\/\/www.acc.wordpress.isec.tdrn.dev\/da\/rom-shaked\",\"name\":\"Rom Shaked - I-SEC\",\"isPartOf\":{\"@id\":\"https:\/\/www.acc.wordpress.isec.tdrn.dev\/da#website\"},\"primaryImageOfPage\":{\"@id\":\"https:\/\/www.acc.wordpress.isec.tdrn.dev\/da\/rom-shaked#primaryimage\"},\"image\":{\"@id\":\"https:\/\/www.acc.wordpress.isec.tdrn.dev\/da\/rom-shaked#primaryimage\"},\"thumbnailUrl\":\"https:\/\/www.acc.wordpress.isec.tdrn.dev\/app\/uploads\/2024\/05\/b6f3827f213a29e01d82f78189539ddb-300x200.jpeg\",\"datePublished\":\"2024-06-12T08:05:57+00:00\",\"dateModified\":\"2024-06-20T14:46:40+00:00\",\"breadcrumb\":{\"@id\":\"https:\/\/www.acc.wordpress.isec.tdrn.dev\/da\/rom-shaked#breadcrumb\"},\"inLanguage\":\"da-DK\",\"potentialAction\":[{\"@type\":\"ReadAction\",\"target\":[\"https:\/\/www.acc.wordpress.isec.tdrn.dev\/da\/rom-shaked\"]}]},{\"@type\":\"ImageObject\",\"inLanguage\":\"da-DK\",\"@id\":\"https:\/\/www.acc.wordpress.isec.tdrn.dev\/da\/rom-shaked#primaryimage\",\"url\":\"https:\/\/www.acc.wordpress.isec.tdrn.dev\/app\/uploads\/2024\/05\/b6f3827f213a29e01d82f78189539ddb-300x200.jpeg\",\"contentUrl\":\"https:\/\/www.acc.wordpress.isec.tdrn.dev\/app\/uploads\/2024\/05\/b6f3827f213a29e01d82f78189539ddb-300x200.jpeg\"},{\"@type\":\"BreadcrumbList\",\"@id\":\"https:\/\/www.acc.wordpress.isec.tdrn.dev\/da\/rom-shaked#breadcrumb\",\"itemListElement\":[{\"@type\":\"ListItem\",\"position\":1,\"name\":\"Home\",\"item\":\"https:\/\/www.acc.wordpress.isec.tdrn.dev\/da\"},{\"@type\":\"ListItem\",\"position\":2,\"name\":\"Rom Shaked\"}]},{\"@type\":\"WebSite\",\"@id\":\"https:\/\/www.acc.wordpress.isec.tdrn.dev\/da#website\",\"url\":\"https:\/\/www.acc.wordpress.isec.tdrn.dev\/da\",\"name\":\"I-SEC\",\"description\":\"\",\"potentialAction\":[{\"@type\":\"SearchAction\",\"target\":{\"@type\":\"EntryPoint\",\"urlTemplate\":\"https:\/\/www.acc.wordpress.isec.tdrn.dev\/da?s={search_term_string}\"},\"query-input\":{\"@type\":\"PropertyValueSpecification\",\"valueRequired\":true,\"valueName\":\"search_term_string\"}}],\"inLanguage\":\"da-DK\"}]}<\/script>\n<!-- \/ Yoast SEO plugin. -->","yoast_head_json":{"title":"Rom Shaked - I-SEC","robots":{"index":"index","follow":"follow","max-snippet":"max-snippet:-1","max-image-preview":"max-image-preview:large","max-video-preview":"max-video-preview:-1"},"canonical":"https:\/\/www.acc.wordpress.isec.tdrn.dev\/da\/rom-shaked","og_locale":"da_DK","og_type":"article","og_title":"Rom Shaked - I-SEC","og_description":"CEO og administrerende direkt\u00f8r Fra 1. januar 2022 er Rom administrerende direkt\u00f8r for I-SEC International Security B.V. Rom er CPA (Israel) og advokat (Israel). Han kom til I-SEC International Securitys holdingselskab, ICTS International N.V., i 2015 som intern revisor. I april 2019 blev han udn\u00e6vnt til viceadministrerende direkt\u00f8r for I-SEC International Security B.V. med ansvar [&hellip;]","og_url":"https:\/\/www.acc.wordpress.isec.tdrn.dev\/da\/rom-shaked","og_site_name":"I-SEC","article_modified_time":"2024-06-20T14:46:40+00:00","og_image":[{"url":"https:\/\/www.acc.wordpress.isec.tdrn.dev\/app\/uploads\/2024\/05\/b6f3827f213a29e01d82f78189539ddb-300x200.jpeg","type":"","width":"","height":""}],"twitter_card":"summary_large_image","twitter_misc":{"Estimeret l\u00e6setid":"2 minutter"},"schema":{"@context":"https:\/\/schema.org","@graph":[{"@type":"WebPage","@id":"https:\/\/www.acc.wordpress.isec.tdrn.dev\/da\/rom-shaked","url":"https:\/\/www.acc.wordpress.isec.tdrn.dev\/da\/rom-shaked","name":"Rom Shaked - I-SEC","isPartOf":{"@id":"https:\/\/www.acc.wordpress.isec.tdrn.dev\/da#website"},"primaryImageOfPage":{"@id":"https:\/\/www.acc.wordpress.isec.tdrn.dev\/da\/rom-shaked#primaryimage"},"image":{"@id":"https:\/\/www.acc.wordpress.isec.tdrn.dev\/da\/rom-shaked#primaryimage"},"thumbnailUrl":"https:\/\/www.acc.wordpress.isec.tdrn.dev\/app\/uploads\/2024\/05\/b6f3827f213a29e01d82f78189539ddb-300x200.jpeg","datePublished":"2024-06-12T08:05:57+00:00","dateModified":"2024-06-20T14:46:40+00:00","breadcrumb":{"@id":"https:\/\/www.acc.wordpress.isec.tdrn.dev\/da\/rom-shaked#breadcrumb"},"inLanguage":"da-DK","potentialAction":[{"@type":"ReadAction","target":["https:\/\/www.acc.wordpress.isec.tdrn.dev\/da\/rom-shaked"]}]},{"@type":"ImageObject","inLanguage":"da-DK","@id":"https:\/\/www.acc.wordpress.isec.tdrn.dev\/da\/rom-shaked#primaryimage","url":"https:\/\/www.acc.wordpress.isec.tdrn.dev\/app\/uploads\/2024\/05\/b6f3827f213a29e01d82f78189539ddb-300x200.jpeg","contentUrl":"https:\/\/www.acc.wordpress.isec.tdrn.dev\/app\/uploads\/2024\/05\/b6f3827f213a29e01d82f78189539ddb-300x200.jpeg"},{"@type":"BreadcrumbList","@id":"https:\/\/www.acc.wordpress.isec.tdrn.dev\/da\/rom-shaked#breadcrumb","itemListElement":[{"@type":"ListItem","position":1,"name":"Home","item":"https:\/\/www.acc.wordpress.isec.tdrn.dev\/da"},{"@type":"ListItem","position":2,"name":"Rom Shaked"}]},{"@type":"WebSite","@id":"https:\/\/www.acc.wordpress.isec.tdrn.dev\/da#website","url":"https:\/\/www.acc.wordpress.isec.tdrn.dev\/da","name":"I-SEC","description":"","potentialAction":[{"@type":"SearchAction","target":{"@type":"EntryPoint","urlTemplate":"https:\/\/www.acc.wordpress.isec.tdrn.dev\/da?s={search_term_string}"},"query-input":{"@type":"PropertyValueSpecification","valueRequired":true,"valueName":"search_term_string"}}],"inLanguage":"da-DK"}]}},"_links":{"self":[{"href":"https:\/\/www.acc.wordpress.isec.tdrn.dev\/da\/wp-json\/wp\/v2\/pages\/1520","targetHints":{"allow":["GET"]}}],"collection":[{"href":"https:\/\/www.acc.wordpress.isec.tdrn.dev\/da\/wp-json\/wp\/v2\/pages"}],"about":[{"href":"https:\/\/www.acc.wordpress.isec.tdrn.dev\/da\/wp-json\/wp\/v2\/types\/page"}],"author":[{"embeddable":true,"href":"https:\/\/www.acc.wordpress.isec.tdrn.dev\/da\/wp-json\/wp\/v2\/users\/1"}],"replies":[{"embeddable":true,"href":"https:\/\/www.acc.wordpress.isec.tdrn.dev\/da\/wp-json\/wp\/v2\/comments?post=1520"}],"version-history":[{"count":1,"href":"https:\/\/www.acc.wordpress.isec.tdrn.dev\/da\/wp-json\/wp\/v2\/pages\/1520\/revisions"}],"predecessor-version":[{"id":1526,"href":"https:\/\/www.acc.wordpress.isec.tdrn.dev\/da\/wp-json\/wp\/v2\/pages\/1520\/revisions\/1526"}],"wp:attachment":[{"href":"https:\/\/www.acc.wordpress.isec.tdrn.dev\/da\/wp-json\/wp\/v2\/media?parent=1520"}],"curies":[{"name":"wp","href":"https:\/\/api.w.org\/{rel}","templated":true}]}}